{"id":202,"date":"2010-08-30T09:40:56","date_gmt":"2010-08-30T12:40:56","guid":{"rendered":"http:\/\/graphein.tempsite.ws\/novosite\/?page_id=202"},"modified":"2010-08-30T09:40:56","modified_gmt":"2010-08-30T12:40:56","slug":"qualificacao-profissional-2","status":"publish","type":"page","link":"https:\/\/www.graphein.com.br\/?page_id=202","title":{"rendered":"Qualifica\u00e7\u00e3o Profissional"},"content":{"rendered":"<p><em>Ensino profissionalizante na educa\u00e7\u00e3o inclusiva<\/em><\/p>\n<p style=\"text-align: justify;\"><a href=\"http:\/\/graphein.tempsite.ws\/novosite\/wp-content\/uploads\/2010\/08\/DSC09035.jpg\"><img loading=\"lazy\" class=\"alignleft size-thumbnail wp-image-615\" title=\"DSC09035\" src=\"http:\/\/graphein.tempsite.ws\/novosite\/wp-content\/uploads\/2010\/08\/DSC09035-150x150.jpg\" alt=\"\" width=\"150\" height=\"150\" \/><\/a>O Col\u00e9gio Graphein, de acordo com sua proposta pioneira no atendimento integral e especializado a cada aluno, desenvolveu no ano de 2009 o projeto de qualifica\u00e7\u00e3o profissional.<\/p>\n<p style=\"text-align: justify;\">Considerando que o mercado de trabalho exige uma boa qualifica\u00e7\u00e3o para o desempenho de diversas profiss\u00f5es,\u00a0 estruturamos a grade de nossos cursos\u00a0de forma\u00a0abrangente para promover a Capacita\u00e7\u00e3o T\u00e9cnica dos alunos.<\/p>\n<p style=\"text-align: justify;\">Atendemos cada estudante de forma singular e estruturamos nossos cursos a partir da demanda do mercado de trabalho, com conte\u00fados adequados e qualidade pedag\u00f3gica.<\/p>\n<p style=\"text-align: justify;\">As Qualifica\u00e7\u00f5es Profissionais do Col\u00e9gio Graphein visam permitir o ingresso em uma carreira profissional s\u00f3lida, considerando sempre o perfil s\u00f3cio econ\u00f4mico e educacional de seus alunos, bem como a identifica\u00e7\u00e3o pessoal com a \u00e1rea escolhida.<\/p>\n<p style=\"text-align: justify;\">O modelo pedag\u00f3gico proporcionado pelo Col\u00e9gio Graphein incentiva a eleva\u00e7\u00e3o da escolaridade, contribui para a inser\u00e7\u00e3o social e aumenta a probabilidade de inclus\u00e3o e perman\u00eancia no mercado de trabalho, atrav\u00e9s de emprego ou at\u00e9 mesmo de gera\u00e7\u00e3o da pr\u00f3pria renda.<\/p>\n<p style=\"text-align: justify;\">Nosso col\u00e9gio desenvolve uma proposta educativa, com programas espec\u00edficos para crian\u00e7as e adolescentes que procuram um olhar diferenciado quanto \u00e0 sua identidade e potencial de aprendizagem. O trabalho feito pela equipe do Col\u00e9gio Graphein consiste em acolher o aluno com suas caracter\u00edsticas, ajudando-o a construir uma nova rela\u00e7\u00e3o consigo pr\u00f3prio e com a sua aprendizagem acad\u00eamica e de vida.<\/p>\n<p style=\"text-align: justify;\"><span style=\"color: #ff9900;\"><strong>Benef\u00edcios da Qualifica\u00e7\u00e3o:<\/strong><\/span><\/p>\n<ul>\n<li>Dom\u00ednio      de uma especializa\u00e7\u00e3o diferenciada;<\/li>\n<li>Aumento      da empregabilidade;<\/li>\n<li>Inser\u00e7\u00e3o      no mercado de trabalho com qualidade;<\/li>\n<li>Desenvolvimento      de potencial;<\/li>\n<li>Incentivo      \u00e0 eleva\u00e7\u00e3o da escolaridade.<\/li>\n<\/ul>\n<p><span style=\"color: #ff9900;\"><strong>Cursos:<\/strong><\/span><\/p>\n<ul>\n<li>Reciclagem<\/li>\n<li>Artesanato<\/li>\n<li>Design gr\u00e1fico<\/li>\n<\/ul>\n<p style=\"text-align: justify;\">Os cursos da Qualifica\u00e7\u00e3o Profissional do Col\u00e9gio Graphein abordam\u00a0tamb\u00e9m algumas das seguintes mat\u00e9rias: Educa\u00e7\u00e3o Financeira, Gastronomia, Letramento, Marcenaria, Gr\u00e1fica e entre outros.<\/p>\n<p style=\"text-align: center;\">O Graphein \u00e9 um col\u00e9gio regular, especializado no atendimento de estudantes que apresentam singularidades no processo de escolariza\u00e7\u00e3o.<\/p>\n<p style=\"text-align: center;\"><a href=\"http:\/\/graphein.tempsite.ws\/novosite\/wp-content\/uploads\/2010\/08\/DSC08903.jpg\"><img loading=\"lazy\" class=\"size-thumbnail wp-image-239       alignleft\" title=\"DSC08903\" src=\"http:\/\/graphein.tempsite.ws\/novosite\/wp-content\/uploads\/2010\/08\/DSC08903-150x150.jpg\" alt=\"\" width=\"150\" height=\"150\" \/><\/a><a href=\"http:\/\/graphein.tempsite.ws\/novosite\/wp-content\/uploads\/2010\/08\/DSC09054.jpg\"><img loading=\"lazy\" class=\"size-thumbnail wp-image-240         alignright\" title=\"DSC09054\" src=\"http:\/\/graphein.tempsite.ws\/novosite\/wp-content\/uploads\/2010\/08\/DSC09054-150x150.jpg\" alt=\"\" width=\"150\" height=\"150\" \/><\/a><a href=\"http:\/\/graphein.tempsite.ws\/novosite\/wp-content\/uploads\/2010\/08\/CIMG1759.jpg\"><img loading=\"lazy\" class=\"size-thumbnail wp-image-620       aligncenter\" title=\"CIMG1759\" src=\"http:\/\/graphein.tempsite.ws\/novosite\/wp-content\/uploads\/2010\/08\/CIMG1759-150x150.jpg\" alt=\"\" width=\"150\" height=\"150\" \/><\/a><\/p>\n<iframe src=\"http:\/\/www.facebook.com\/plugins\/like.php?href=https%3A%2F%2Fwww.graphein.com.br%2F%3Fpage_id%3D202&amp;layout=standard&amp;show_faces=true&amp;width=450&amp;action=like&amp;colorscheme=light\" scrolling=\"no\" frameborder=\"0\" allowTransparency=\"true\" style=\"border:none; overflow:hidden; width:450px;margin-top:5px;\"><\/iframe>","protected":false},"excerpt":{"rendered":"<p>Ensino profissionalizante na educa\u00e7\u00e3o inclusiva O Col\u00e9gio Graphein, de acordo com sua proposta pioneira no atendimento integral e especializado a cada aluno, desenvolveu no ano de 2009 o projeto de qualifica\u00e7\u00e3o profissional. Considerando que o mercado de trabalho exige uma boa qualifica\u00e7\u00e3o para o desempenho de diversas profiss\u00f5es,\u00a0 estruturamos a grade de nossos cursos\u00a0de forma\u00a0abrangente [&hellip;]<\/p>\n","protected":false},"author":1,"featured_media":0,"parent":0,"menu_order":0,"comment_status":"closed","ping_status":"open","template":"","meta":[],"_links":{"self":[{"href":"https:\/\/www.graphein.com.br\/index.php?rest_route=\/wp\/v2\/pages\/202"}],"collection":[{"href":"https:\/\/www.graphein.com.br\/index.php?rest_route=\/wp\/v2\/pages"}],"about":[{"href":"https:\/\/www.graphein.com.br\/index.php?rest_route=\/wp\/v2\/types\/page"}],"author":[{"embeddable":true,"href":"https:\/\/www.graphein.com.br\/index.php?rest_route=\/wp\/v2\/users\/1"}],"replies":[{"embeddable":true,"href":"https:\/\/www.graphein.com.br\/index.php?rest_route=%2Fwp%2Fv2%2Fcomments&post=202"}],"version-history":[{"count":0,"href":"https:\/\/www.graphein.com.br\/index.php?rest_route=\/wp\/v2\/pages\/202\/revisions"}],"wp:attachment":[{"href":"https:\/\/www.graphein.com.br\/index.php?rest_route=%2Fwp%2Fv2%2Fmedia&parent=202"}],"curies":[{"name":"wp","href":"https:\/\/api.w.org\/{rel}","templated":true}]}}