{"id":2575,"date":"2011-12-13T10:36:20","date_gmt":"2011-12-13T13:36:20","guid":{"rendered":"http:\/\/graphein.tempsite.ws\/novosite\/?page_id=2575"},"modified":"2013-10-11T15:21:51","modified_gmt":"2013-10-11T15:21:51","slug":"noticias","status":"publish","type":"page","link":"https:\/\/www.graphein.com.br\/?page_id=2575","title":{"rendered":"Not\u00edcias"},"content":{"rendered":"<p>&nbsp;<\/p>\n<p><b>CAPACITA\u00c7\u00c3O DE EDUCADORES<\/b><\/p>\n<p>&nbsp;<\/p>\n<p>Durante o m\u00eas de julho\/13, o Col\u00e9gio Graphein promoveu encontros para forma\u00e7\u00e3o de nossa equipe docente.<\/p>\n<p>&nbsp;<\/p>\n<p>Entre muitos temas discutidos, tivemos a oportunidade de proporcionar aos professores da Ed. Infantil ao Ensino M\u00e9dio um momento no qual todos puderam, de forma simples, representar as a\u00e7\u00f5es matem\u00e1ticas, fazer descobertas e vivenciar jogos e atividades, tudo por meio de uma Oficina L\u00fadica ministrada pela coordenadora pedag\u00f3gica &#8211; Camila D\u2019Amico.<\/p>\n<p>Como pressuposto da discuss\u00e3o os objetivos foram:<\/p>\n<p>&#8211; Integrar a Matem\u00e1tica no mundo moderno, discutindo e analisando os problemas maiores da humanidade;<\/p>\n<p>&#8211; Recuperar o l\u00fadico na Matem\u00e1tica.<\/p>\n<p>Nosso agradecimento aos educadores participantes!<\/p>\n<p>&nbsp;<\/p>\n<p>Camila D\u2019Amico<\/p>\n<p>Coord. Pedag\u00f3gica<\/p>\n<p>&nbsp;<\/p>\n\n\t\t<style type=\"text\/css\">\n\t\t\t#gallery-1 {\n\t\t\t\tmargin: auto;\n\t\t\t}\n\t\t\t#gallery-1 .gallery-item {\n\t\t\t\tfloat: left;\n\t\t\t\tmargin-top: 10px;\n\t\t\t\ttext-align: center;\n\t\t\t\twidth: 33%;\n\t\t\t}\n\t\t\t#gallery-1 img {\n\t\t\t\tborder: 2px solid #cfcfcf;\n\t\t\t}\n\t\t\t#gallery-1 .gallery-caption {\n\t\t\t\tmargin-left: 0;\n\t\t\t}\n\t\t\t\/* see gallery_shortcode() in wp-includes\/media.php *\/\n\t\t<\/style>\n\t\t<div id='gallery-1' class='gallery galleryid-2575 gallery-columns-3 gallery-size-thumbnail'><dl class='gallery-item'>\n\t\t\t<dt class='gallery-icon landscape'>\n\t\t\t\t<a href='https:\/\/www.graphein.com.br\/?attachment_id=4393'><img width=\"150\" height=\"150\" src=\"https:\/\/www.graphein.com.br\/wp-content\/uploads\/2013\/10\/P7250028-150x150.jpg\" class=\"attachment-thumbnail size-thumbnail\" alt=\"\" loading=\"lazy\" \/><\/a>\n\t\t\t<\/dt><\/dl><dl class='gallery-item'>\n\t\t\t<dt class='gallery-icon landscape'>\n\t\t\t\t<a href='https:\/\/www.graphein.com.br\/?attachment_id=4392'><img width=\"150\" height=\"150\" src=\"https:\/\/www.graphein.com.br\/wp-content\/uploads\/2013\/10\/P7250026-150x150.jpg\" class=\"attachment-thumbnail size-thumbnail\" alt=\"\" loading=\"lazy\" \/><\/a>\n\t\t\t<\/dt><\/dl><dl class='gallery-item'>\n\t\t\t<dt class='gallery-icon landscape'>\n\t\t\t\t<a href='https:\/\/www.graphein.com.br\/?attachment_id=4391'><img width=\"150\" height=\"150\" src=\"https:\/\/www.graphein.com.br\/wp-content\/uploads\/2013\/10\/P7250025-150x150.jpg\" class=\"attachment-thumbnail size-thumbnail\" alt=\"\" loading=\"lazy\" \/><\/a>\n\t\t\t<\/dt><\/dl><br style=\"clear: both\" \/><dl class='gallery-item'>\n\t\t\t<dt class='gallery-icon landscape'>\n\t\t\t\t<a href='https:\/\/www.graphein.com.br\/?attachment_id=4390'><img width=\"150\" height=\"150\" src=\"https:\/\/www.graphein.com.br\/wp-content\/uploads\/2013\/10\/P7250022-150x150.jpg\" class=\"attachment-thumbnail size-thumbnail\" alt=\"\" loading=\"lazy\" \/><\/a>\n\t\t\t<\/dt><\/dl><dl class='gallery-item'>\n\t\t\t<dt class='gallery-icon landscape'>\n\t\t\t\t<a href='https:\/\/www.graphein.com.br\/?attachment_id=4389'><img width=\"150\" height=\"150\" src=\"https:\/\/www.graphein.com.br\/wp-content\/uploads\/2013\/10\/P7250020-150x150.jpg\" class=\"attachment-thumbnail size-thumbnail\" alt=\"\" loading=\"lazy\" \/><\/a>\n\t\t\t<\/dt><\/dl><dl class='gallery-item'>\n\t\t\t<dt class='gallery-icon landscape'>\n\t\t\t\t<a href='https:\/\/www.graphein.com.br\/?attachment_id=4388'><img width=\"150\" height=\"150\" src=\"https:\/\/www.graphein.com.br\/wp-content\/uploads\/2013\/10\/P7250016-150x150.jpg\" class=\"attachment-thumbnail size-thumbnail\" alt=\"\" loading=\"lazy\" \/><\/a>\n\t\t\t<\/dt><\/dl><br style=\"clear: both\" \/><dl class='gallery-item'>\n\t\t\t<dt class='gallery-icon landscape'>\n\t\t\t\t<a href='https:\/\/www.graphein.com.br\/?attachment_id=4387'><img width=\"150\" height=\"150\" src=\"https:\/\/www.graphein.com.br\/wp-content\/uploads\/2013\/10\/P7250011-150x150.jpg\" class=\"attachment-thumbnail size-thumbnail\" alt=\"\" loading=\"lazy\" \/><\/a>\n\t\t\t<\/dt><\/dl><dl class='gallery-item'>\n\t\t\t<dt class='gallery-icon landscape'>\n\t\t\t\t<a href='https:\/\/www.graphein.com.br\/?attachment_id=4386'><img width=\"150\" height=\"150\" src=\"https:\/\/www.graphein.com.br\/wp-content\/uploads\/2013\/10\/P7250010-150x150.jpg\" class=\"attachment-thumbnail size-thumbnail\" alt=\"\" loading=\"lazy\" \/><\/a>\n\t\t\t<\/dt><\/dl><dl class='gallery-item'>\n\t\t\t<dt class='gallery-icon landscape'>\n\t\t\t\t<a href='https:\/\/www.graphein.com.br\/?attachment_id=4385'><img width=\"150\" height=\"150\" src=\"https:\/\/www.graphein.com.br\/wp-content\/uploads\/2013\/10\/P7250009-150x150.jpg\" class=\"attachment-thumbnail size-thumbnail\" alt=\"\" loading=\"lazy\" \/><\/a>\n\t\t\t<\/dt><\/dl><br style=\"clear: both\" \/><dl class='gallery-item'>\n\t\t\t<dt class='gallery-icon landscape'>\n\t\t\t\t<a href='https:\/\/www.graphein.com.br\/?attachment_id=4384'><img width=\"150\" height=\"150\" src=\"https:\/\/www.graphein.com.br\/wp-content\/uploads\/2013\/10\/P7250007-150x150.jpg\" class=\"attachment-thumbnail size-thumbnail\" alt=\"\" loading=\"lazy\" \/><\/a>\n\t\t\t<\/dt><\/dl><dl class='gallery-item'>\n\t\t\t<dt class='gallery-icon landscape'>\n\t\t\t\t<a href='https:\/\/www.graphein.com.br\/?attachment_id=4383'><img width=\"150\" height=\"150\" src=\"https:\/\/www.graphein.com.br\/wp-content\/uploads\/2013\/10\/P7250005-150x150.jpg\" class=\"attachment-thumbnail size-thumbnail\" alt=\"\" loading=\"lazy\" \/><\/a>\n\t\t\t<\/dt><\/dl><dl class='gallery-item'>\n\t\t\t<dt class='gallery-icon landscape'>\n\t\t\t\t<a href='https:\/\/www.graphein.com.br\/?attachment_id=4382'><img width=\"150\" height=\"150\" src=\"https:\/\/www.graphein.com.br\/wp-content\/uploads\/2013\/10\/P7250004-150x150.jpg\" class=\"attachment-thumbnail size-thumbnail\" alt=\"\" loading=\"lazy\" \/><\/a>\n\t\t\t<\/dt><\/dl><br style=\"clear: both\" \/><dl class='gallery-item'>\n\t\t\t<dt class='gallery-icon landscape'>\n\t\t\t\t<a href='https:\/\/www.graphein.com.br\/?attachment_id=4381'><img width=\"150\" height=\"150\" src=\"https:\/\/www.graphein.com.br\/wp-content\/uploads\/2013\/10\/P7250034-150x150.jpg\" class=\"attachment-thumbnail size-thumbnail\" alt=\"\" loading=\"lazy\" \/><\/a>\n\t\t\t<\/dt><\/dl><dl class='gallery-item'>\n\t\t\t<dt class='gallery-icon landscape'>\n\t\t\t\t<a href='https:\/\/www.graphein.com.br\/?attachment_id=4380'><img width=\"150\" height=\"150\" src=\"https:\/\/www.graphein.com.br\/wp-content\/uploads\/2013\/10\/P7250033-150x150.jpg\" class=\"attachment-thumbnail size-thumbnail\" alt=\"\" loading=\"lazy\" \/><\/a>\n\t\t\t<\/dt><\/dl><dl class='gallery-item'>\n\t\t\t<dt class='gallery-icon landscape'>\n\t\t\t\t<a href='https:\/\/www.graphein.com.br\/?attachment_id=4379'><img width=\"150\" height=\"150\" src=\"https:\/\/www.graphein.com.br\/wp-content\/uploads\/2013\/10\/P7250030-150x150.jpg\" class=\"attachment-thumbnail size-thumbnail\" alt=\"\" loading=\"lazy\" \/><\/a>\n\t\t\t<\/dt><\/dl><br style=\"clear: both\" \/>\n\t\t<\/div>\n\n<iframe src=\"http:\/\/www.facebook.com\/plugins\/like.php?href=https%3A%2F%2Fwww.graphein.com.br%2F%3Fpage_id%3D2575&amp;layout=standard&amp;show_faces=true&amp;width=450&amp;action=like&amp;colorscheme=light\" scrolling=\"no\" frameborder=\"0\" allowTransparency=\"true\" style=\"border:none; overflow:hidden; width:450px;margin-top:5px;\"><\/iframe>","protected":false},"excerpt":{"rendered":"<p>&nbsp; CAPACITA\u00c7\u00c3O DE EDUCADORES &nbsp; Durante o m\u00eas de julho\/13, o Col\u00e9gio Graphein promoveu encontros para forma\u00e7\u00e3o de nossa equipe docente. &nbsp; Entre muitos temas discutidos, tivemos a oportunidade de proporcionar aos professores da Ed. Infantil ao Ensino M\u00e9dio um momento no qual todos puderam, de forma simples, representar as a\u00e7\u00f5es matem\u00e1ticas, fazer descobertas e [&hellip;]<\/p>\n","protected":false},"author":1,"featured_media":0,"parent":0,"menu_order":0,"comment_status":"open","ping_status":"open","template":"","meta":[],"_links":{"self":[{"href":"https:\/\/www.graphein.com.br\/index.php?rest_route=\/wp\/v2\/pages\/2575"}],"collection":[{"href":"https:\/\/www.graphein.com.br\/index.php?rest_route=\/wp\/v2\/pages"}],"about":[{"href":"https:\/\/www.graphein.com.br\/index.php?rest_route=\/wp\/v2\/types\/page"}],"author":[{"embeddable":true,"href":"https:\/\/www.graphein.com.br\/index.php?rest_route=\/wp\/v2\/users\/1"}],"replies":[{"embeddable":true,"href":"https:\/\/www.graphein.com.br\/index.php?rest_route=%2Fwp%2Fv2%2Fcomments&post=2575"}],"version-history":[{"count":2,"href":"https:\/\/www.graphein.com.br\/index.php?rest_route=\/wp\/v2\/pages\/2575\/revisions"}],"predecessor-version":[{"id":4395,"href":"https:\/\/www.graphein.com.br\/index.php?rest_route=\/wp\/v2\/pages\/2575\/revisions\/4395"}],"wp:attachment":[{"href":"https:\/\/www.graphein.com.br\/index.php?rest_route=%2Fwp%2Fv2%2Fmedia&parent=2575"}],"curies":[{"name":"wp","href":"https:\/\/api.w.org\/{rel}","templated":true}]}}