{"id":28,"date":"2010-08-24T21:35:40","date_gmt":"2010-08-24T21:35:40","guid":{"rendered":"http:\/\/graphein.tempsite.ws\/novosite\/?page_id=28"},"modified":"2010-08-24T21:35:40","modified_gmt":"2010-08-24T21:35:40","slug":"filosofia-de-educacao","status":"publish","type":"page","link":"https:\/\/www.graphein.com.br\/?page_id=28","title":{"rendered":"Filosofia de Educa\u00e7\u00e3o"},"content":{"rendered":"<h2><strong>Filosofia de educa\u00e7\u00e3o<\/strong><\/h2>\n<p style=\"text-align: justify;\"><a href=\"http:\/\/graphein.tempsite.ws\/novosite\/wp-content\/uploads\/2010\/08\/Fotos-Graphein-040.jpg\"><img loading=\"lazy\" class=\"alignleft size-medium wp-image-30\" style=\"border: 4px solid white;\" title=\"Fotos -  Graphein 040\" src=\"http:\/\/graphein.tempsite.ws\/novosite\/wp-content\/uploads\/2010\/08\/Fotos-Graphein-040-300x199.jpg\" alt=\"\" width=\"300\" height=\"199\" \/><\/a>A filosofia do Col\u00e9gio Graphein  consiste em abordar, de maneira satisfat\u00f3ria, os aspectos  introspectivos do ser humano, valorizando a singularidade dos indiv\u00edduos  e seus processos de aprendizagem. O Col\u00e9gio Graphein, busca compreender e desenvolver as particularidades comportamentais de crian\u00e7as e adolescentes, para  estabelecer uma rela\u00e7\u00e3o consistente no sentido de melhor articular o  fator cognosc\u00edvel existentes entre alunos e professores. A estrutura de  ensino adotada pela Equipe Graphein  \u00e9 engendrada com acuidade em seus m\u00e9todos pedag\u00f3gicos, cuja a\u00e7\u00e3o de  trabalho abrange uma dimens\u00e3o educacional que inclui diversos processos  de estudos especificos, com a inten\u00e7\u00e3o de resgatar a potencialidade de  aprendizado dos jovens estudantes.<\/p>\n<p style=\"text-align: justify;\">\n<p style=\"text-align: justify;\">O Col\u00e9gio Graphein,  acredita que uma escola adequadamente organizada para atender e  garantir o conhecimento acad\u00eamico e a realidade comportamental dos  estudantes marcados pelo desconforto no desenvolvimento escolar possa  melhorar a situa\u00e7\u00e3o desses jovens em rela\u00e7\u00e3o com o meio f\u00edsico e social,  auxiliando-os na forma\u00e7\u00e3o integral de sua personalidade, e  preparando-os para o exerc\u00edcio consciente da cidadania, em viv\u00eancia com a  sociedade. Nosso sistema de acep\u00e7\u00e3o relativo \u00e0 base de ensino tem como  premissa acompanhar o processo de cada aluno e ajud\u00e1-lo a despertar a  curiosidade e o prazer pelo conhecimento, atrav\u00e9s de uma aprendizagem  que estabele\u00e7a defer\u00eancia com suas habilidades e compet\u00eancias  respeitando seu ritmo e universo cultural.<\/p>\n<p style=\"text-align: justify;\">\n<p style=\"text-align: justify;\">Nossa proposta psicopedag\u00f3gica tamb\u00e9m visa intensificar  atitudes que promovam o desen\u00advolvimento harmonioso do poder  intelectual e das manifesta\u00e7\u00f5es provenientes das rela\u00e7\u00f5es entre os seres  humanos, mediante a v\u00e1rios exerc\u00edcios regulados de maneira singular  para cada aluno; colaborando para que o estudante se sinta  atuante e participante na sociedade, capaz de interagir socialmente e  intervir criativamente em seu meio s\u00f3cio-cultural.<\/p>\n<p style=\"text-align: justify;\">Essas  modalidades de ensino constituem nossa \u00e9tica e podem ser vislumbradas  em pr\u00e1ticas e estrat\u00e9gias diferenciais adotadas pelo Col\u00e9gio Graphein.<\/p>\n<p style=\"text-align: justify;\"><a href=\"http:\/\/graphein.tempsite.ws\/novosite\/wp-content\/uploads\/2010\/08\/foto_historia.png\"><img loading=\"lazy\" class=\"size-full wp-image-32  aligncenter\" title=\"foto_historia\" src=\"http:\/\/graphein.tempsite.ws\/novosite\/wp-content\/uploads\/2010\/08\/foto_historia.png\" alt=\"\" width=\"550\" height=\"200\" \/><\/a><\/p>\n<iframe src=\"http:\/\/www.facebook.com\/plugins\/like.php?href=https%3A%2F%2Fwww.graphein.com.br%2F%3Fpage_id%3D28&amp;layout=standard&amp;show_faces=true&amp;width=450&amp;action=like&amp;colorscheme=light\" scrolling=\"no\" frameborder=\"0\" allowTransparency=\"true\" style=\"border:none; overflow:hidden; width:450px;margin-top:5px;\"><\/iframe>","protected":false},"excerpt":{"rendered":"<p>Filosofia de educa\u00e7\u00e3o A filosofia do Col\u00e9gio Graphein consiste em abordar, de maneira satisfat\u00f3ria, os aspectos introspectivos do ser humano, valorizando a singularidade dos indiv\u00edduos e seus processos de aprendizagem. O Col\u00e9gio Graphein, busca compreender e desenvolver as particularidades comportamentais de crian\u00e7as e adolescentes, para estabelecer uma rela\u00e7\u00e3o consistente no sentido de melhor articular o [&hellip;]<\/p>\n","protected":false},"author":1,"featured_media":0,"parent":0,"menu_order":0,"comment_status":"open","ping_status":"open","template":"","meta":[],"_links":{"self":[{"href":"https:\/\/www.graphein.com.br\/index.php?rest_route=\/wp\/v2\/pages\/28"}],"collection":[{"href":"https:\/\/www.graphein.com.br\/index.php?rest_route=\/wp\/v2\/pages"}],"about":[{"href":"https:\/\/www.graphein.com.br\/index.php?rest_route=\/wp\/v2\/types\/page"}],"author":[{"embeddable":true,"href":"https:\/\/www.graphein.com.br\/index.php?rest_route=\/wp\/v2\/users\/1"}],"replies":[{"embeddable":true,"href":"https:\/\/www.graphein.com.br\/index.php?rest_route=%2Fwp%2Fv2%2Fcomments&post=28"}],"version-history":[{"count":0,"href":"https:\/\/www.graphein.com.br\/index.php?rest_route=\/wp\/v2\/pages\/28\/revisions"}],"wp:attachment":[{"href":"https:\/\/www.graphein.com.br\/index.php?rest_route=%2Fwp%2Fv2%2Fmedia&parent=28"}],"curies":[{"name":"wp","href":"https:\/\/api.w.org\/{rel}","templated":true}]}}