{"id":35,"date":"2010-08-24T21:43:43","date_gmt":"2010-08-24T21:43:43","guid":{"rendered":"http:\/\/graphein.tempsite.ws\/novosite\/?page_id=35"},"modified":"2010-08-24T21:43:43","modified_gmt":"2010-08-24T21:43:43","slug":"como-trabalhamos","status":"publish","type":"page","link":"https:\/\/www.graphein.com.br\/?page_id=35","title":{"rendered":"Como trabalhamos"},"content":{"rendered":"<h2><strong>Como trabalhamos<\/strong><\/h2>\n<p><strong> <\/strong><\/p>\n<p style=\"text-align: justify;\">Estrat\u00e9gias variadas garantem a operacionaliza\u00e7\u00e3o destes objetivos e prop\u00f3sitos:<\/p>\n<p style=\"text-align: justify;\">\u2022 <strong>Organiza\u00e7\u00e3o de um projeto espec\u00edfico para cada aluno<\/strong>, o  Projeto Singular, com base na hist\u00f3ria pessoal, familiar e escolar, e  com levantamento de seus centros de interesse, para acolher e atender  cada um em variados aspectos.<\/p>\n<p style=\"text-align: justify;\">\u2022 No <strong>aspecto cognitivo o atendimento \u00e9 viabilizado pela organiza\u00e7\u00e3o do curr\u00edculo em m\u00f3dulos semestrais<\/strong> que  possibilita adequa\u00e7\u00e3o \u00e0 demanda do aluno, no momento. A vantagem da  estrutura modular \u00e9 de conferir maior agilidade ao processo do aluno,  uma vez que, caso haja reprova\u00e7\u00e3o em um m\u00f3dulo de um conte\u00fado, ele pode  continuar fazendo os m\u00f3dulos mais avan\u00e7ados das outras disciplinas. Isto  contribui para evitar o desgaste decorrente da reprova\u00e7\u00e3o, como tamb\u00e9m  contribui para que aqueles que \u201cdespertam e despontam\u201d num determinado  momento possam dar continuidade sem passar novamente por aprendizagem j\u00e1  constru\u00edda.<\/p>\n<p style=\"text-align: justify;\">\u2022 A organiza\u00e7\u00e3o em m\u00f3dulos possibilita, com melhor qualidade, o processo de <strong>acelera\u00e7\u00e3o escolar<\/strong>, permitindo que alunos com defasagem idade\/s\u00e9rie, decorrente de suas dificuldades, normalizando sua trajet\u00f3ria acad\u00eamica.<\/p>\n<p style=\"text-align: justify;\">\u2022 <strong>O atendimento \u00e9 individual ou em grupo<\/strong>,  sendo que os grupos-classe s\u00e3o pequenos e heterog\u00eaneos, organizados por  meio de sociograma constru\u00eddo com an\u00e1lise dos projetos singulares. Esta  montagem n\u00e3o \u00e9 feita a partir dos m\u00f3dulos (equivalentes \u00e0 s\u00e9rie) e sim  levando em conta as identifica\u00e7\u00f5es, interesses e possibilidades,  socializantes, visando criar grupos de trabalho estimulantes e  produtivos. Cada um e todos aprendem a respeitar o outro aceitando as  dificuldades na aprendizagem e aprendendo com a conviv\u00eancia com as  diferen\u00e7as.<\/p>\n<p style=\"text-align: justify;\">\u2022 Caracterizando um <strong>trabalho de tutoria<\/strong>,  o professor ou outros funcion\u00e1rios podem se envolver no processo,  acompanhando individualmente um aluno tanto em atividades acad\u00eamicas  como na produ\u00e7\u00e3o em oficinas. Como  consequ\u00eancias \u00e9 poss\u00edvel para o aluno elevar sua auto-estima, construir  atitudes respons\u00e1veis, diminuir o grau de fragilidade na rela\u00e7\u00e3o com o  mundo e retomar seu caminho de aprendizagem e prepara\u00e7\u00e3o para a vida  adulta.<\/p>\n<p style=\"text-align: justify;\">\u2022 <strong>Acolhimento na \u00e1rea afetivo-emocional<\/strong> \u00e9 viabilizado pelo empenho na vincula\u00e7\u00e3o positiva entre professor e aluno.<\/p>\n<p style=\"text-align: justify;\">\u2022\u00a0Investimento sistem\u00e1tico na <strong>constru\u00e7\u00e3o da autonomia<\/strong> de cada um para que possa ter sucesso tamb\u00e9m em outras atividades sociais, al\u00e9m da escola.<\/p>\n<p style=\"text-align: justify;\">\u2022\u00a0 A <strong>organiza\u00e7\u00e3o do espa\u00e7o<\/strong> \u00e9 diferenciada respeitando as necessidades de cada aluno.<\/p>\n<iframe src=\"http:\/\/www.facebook.com\/plugins\/like.php?href=https%3A%2F%2Fwww.graphein.com.br%2F%3Fpage_id%3D35&amp;layout=standard&amp;show_faces=true&amp;width=450&amp;action=like&amp;colorscheme=light\" scrolling=\"no\" frameborder=\"0\" allowTransparency=\"true\" style=\"border:none; overflow:hidden; width:450px;margin-top:5px;\"><\/iframe>","protected":false},"excerpt":{"rendered":"<p>Como trabalhamos Estrat\u00e9gias variadas garantem a operacionaliza\u00e7\u00e3o destes objetivos e prop\u00f3sitos: \u2022 Organiza\u00e7\u00e3o de um projeto espec\u00edfico para cada aluno, o Projeto Singular, com base na hist\u00f3ria pessoal, familiar e escolar, e com levantamento de seus centros de interesse, para acolher e atender cada um em variados aspectos. \u2022 No aspecto cognitivo o atendimento \u00e9 [&hellip;]<\/p>\n","protected":false},"author":1,"featured_media":0,"parent":0,"menu_order":0,"comment_status":"open","ping_status":"open","template":"","meta":[],"_links":{"self":[{"href":"https:\/\/www.graphein.com.br\/index.php?rest_route=\/wp\/v2\/pages\/35"}],"collection":[{"href":"https:\/\/www.graphein.com.br\/index.php?rest_route=\/wp\/v2\/pages"}],"about":[{"href":"https:\/\/www.graphein.com.br\/index.php?rest_route=\/wp\/v2\/types\/page"}],"author":[{"embeddable":true,"href":"https:\/\/www.graphein.com.br\/index.php?rest_route=\/wp\/v2\/users\/1"}],"replies":[{"embeddable":true,"href":"https:\/\/www.graphein.com.br\/index.php?rest_route=%2Fwp%2Fv2%2Fcomments&post=35"}],"version-history":[{"count":1,"href":"https:\/\/www.graphein.com.br\/index.php?rest_route=\/wp\/v2\/pages\/35\/revisions"}],"predecessor-version":[{"id":4953,"href":"https:\/\/www.graphein.com.br\/index.php?rest_route=\/wp\/v2\/pages\/35\/revisions\/4953"}],"wp:attachment":[{"href":"https:\/\/www.graphein.com.br\/index.php?rest_route=%2Fwp%2Fv2%2Fmedia&parent=35"}],"curies":[{"name":"wp","href":"https:\/\/api.w.org\/{rel}","templated":true}]}}